{"id":14,"date":"2017-07-13T12:25:18","date_gmt":"2017-07-13T10:25:18","guid":{"rendered":"https:\/\/www.sconxis.com\/?page_id=14"},"modified":"2017-07-14T11:59:12","modified_gmt":"2017-07-14T09:59:12","slug":"wirtschaftsdetektei","status":"publish","type":"page","link":"https:\/\/www.sconxis.com\/index.php\/wirtschaftsdetektei\/","title":{"rendered":"Wirtschaftsdetektei"},"content":{"rendered":"<p style=\"text-align: justify;\">In Deutschland entstehen durch Wirtschaftskriminalit\u00e4t jedes Jahr enorme Sch\u00e4den in Millionenh\u00f6he. Sie ist breit gef\u00e4chert, \u00e4u\u00dferst vielseitig und kann jedes Unternehmen in finanzielle Schwierigkeiten bringen.<br \/>\nEinige Firmen verlieren aufgrund dieses Deliktsfeldes, durch Betrug, Betriebsspionage und Untreue bei Kapitalanlagen, Diebstahl im Unternehmen, Arbeitszeitbetrug, verschleierte Arbeitsverh\u00e4ltnisse, Insolvenzstraftaten und Wettbewerbsdelikte usw. nicht nur viel Geld, wirtschaftliche Vorteile und wichtiges internes Wissen sondern m\u00fcssen ihren Betrieb letztlich komplett einstellen.<br \/>\nDoch auch Verst\u00f6\u00dfe gegen Urheberrechte, Produkt- und Markenpiraterie, Korruption, Computer- und Internetkriminalit\u00e4t, illegale Arbeitnehmer\u00fcberlassung und die unerlaubte Aneignung oder Nutzung von Verm\u00f6gensgegenst\u00e4nden sowie Diebstahl und Unterschlagung k\u00f6nnen ihre Firma in eine ung\u00fcnstige Lage bringen, sie vielleicht sogar in die Knie zwingen.<\/p>\n<p style=\"text-align: justify;\">Es geht also um sie, ihre Firma, ihre Mitarbeiter und um viel Geld, ihr Geld!<\/p>\n<p>Wir sind ein modernes und wirtschaftsorientiertes Ermittlungsunternehmen. Unsere Mitarbeiter sind auf ihren jeweiligen Fachgebieten spezialisiert und nutzen ihr jahrelanges Know-how und modernste Technik.<br \/>\nUnsere Detektive ermitteln und observieren fallorientiert intern in ihrem Unternehmen oder in externen Firmen.\u00ad\u00ad\u00ad\u00ad\u00ad\u00ad\u00ad\u00ad\u00ad\u00ad<br \/>\nSo erzielen wir f\u00fcr sie in m\u00f6glichst kurzer Zeit die bestm\u00f6glichen Ergebnisse.<\/p>\n","protected":false},"excerpt":{"rendered":"<p>In Deutschland entstehen durch Wirtschaftskriminalit\u00e4t jedes Jahr enorme Sch\u00e4den in Millionenh\u00f6he. Sie ist breit gef\u00e4chert, \u00e4u\u00dferst vielseitig und kann jedes Unternehmen in finanzielle Schwierigkeiten bringen. Einige Firmen verlieren aufgrund dieses Deliktsfeldes, durch Betrug, Betriebsspionage und Untreue bei Kapitalanlagen, Diebstahl im Unternehmen, Arbeitszeitbetrug, verschleierte Arbeitsverh\u00e4ltnisse, Insolvenzstraftaten und Wettbewerbsdelikte usw. nicht nur\u2026<\/p>\n<p> <a class=\"continue-reading-link\" href=\"https:\/\/www.sconxis.com\/index.php\/wirtschaftsdetektei\/\"><span>Continue reading<\/span><i class=\"crycon-right-dir\"><\/i><\/a> <\/p>\n","protected":false},"author":1,"featured_media":0,"parent":0,"menu_order":0,"comment_status":"closed","ping_status":"closed","template":"","meta":{"footnotes":""},"class_list":["post-14","page","type-page","status-publish","hentry"],"yoast_head":"<!-- This site is optimized with the Yoast SEO plugin v27.6 - https:\/\/yoast.com\/product\/yoast-seo-wordpress\/ -->\n<title>Wirtschaftsdetektei - Sconxis International<\/title>\n<meta name=\"description\" content=\"Unsere Detektive ermitteln und observieren fallorientiert intern in ihrem Unternehmen oder in externen Firmen.\u00ad\u00ad\u00ad\u00ad\u00ad\u00ad\u00ad\u00ad\u00ad\u00ad\" \/>\n<meta name=\"robots\" content=\"index, follow, max-snippet:-1, max-image-preview:large, max-video-preview:-1\" \/>\n<link rel=\"canonical\" href=\"https:\/\/www.sconxis.com\/index.php\/wirtschaftsdetektei\/\" \/>\n<meta property=\"og:locale\" content=\"de_DE\" \/>\n<meta property=\"og:type\" content=\"article\" \/>\n<meta property=\"og:title\" content=\"Wirtschaftsdetektei - Sconxis International\" \/>\n<meta property=\"og:description\" content=\"Unsere Detektive ermitteln und observieren fallorientiert intern in ihrem Unternehmen oder in externen Firmen.\u00ad\u00ad\u00ad\u00ad\u00ad\u00ad\u00ad\u00ad\u00ad\u00ad\" \/>\n<meta property=\"og:url\" content=\"https:\/\/www.sconxis.com\/index.php\/wirtschaftsdetektei\/\" \/>\n<meta property=\"og:site_name\" content=\"Sconxis International\" \/>\n<meta property=\"article:modified_time\" content=\"2017-07-14T09:59:12+00:00\" \/>\n<meta name=\"twitter:card\" content=\"summary_large_image\" \/>\n<meta name=\"twitter:label1\" content=\"Gesch\u00e4tzte Lesezeit\" \/>\n\t<meta name=\"twitter:data1\" content=\"1\u00a0Minute\" \/>\n<script type=\"application\/ld+json\" class=\"yoast-schema-graph\">{\"@context\":\"https:\\\/\\\/schema.org\",\"@graph\":[{\"@type\":\"WebPage\",\"@id\":\"https:\\\/\\\/www.sconxis.com\\\/index.php\\\/wirtschaftsdetektei\\\/\",\"url\":\"https:\\\/\\\/www.sconxis.com\\\/index.php\\\/wirtschaftsdetektei\\\/\",\"name\":\"Wirtschaftsdetektei - Sconxis International\",\"isPartOf\":{\"@id\":\"https:\\\/\\\/www.sconxis.com\\\/#website\"},\"datePublished\":\"2017-07-13T10:25:18+00:00\",\"dateModified\":\"2017-07-14T09:59:12+00:00\",\"description\":\"Unsere Detektive ermitteln und observieren fallorientiert intern in ihrem Unternehmen oder in externen Firmen.\u00ad\u00ad\u00ad\u00ad\u00ad\u00ad\u00ad\u00ad\u00ad\u00ad\",\"breadcrumb\":{\"@id\":\"https:\\\/\\\/www.sconxis.com\\\/index.php\\\/wirtschaftsdetektei\\\/#breadcrumb\"},\"inLanguage\":\"de\",\"potentialAction\":[{\"@type\":\"ReadAction\",\"target\":[\"https:\\\/\\\/www.sconxis.com\\\/index.php\\\/wirtschaftsdetektei\\\/\"]}]},{\"@type\":\"BreadcrumbList\",\"@id\":\"https:\\\/\\\/www.sconxis.com\\\/index.php\\\/wirtschaftsdetektei\\\/#breadcrumb\",\"itemListElement\":[{\"@type\":\"ListItem\",\"position\":1,\"name\":\"Startseite\",\"item\":\"https:\\\/\\\/www.sconxis.com\\\/\"},{\"@type\":\"ListItem\",\"position\":2,\"name\":\"Wirtschaftsdetektei\"}]},{\"@type\":\"WebSite\",\"@id\":\"https:\\\/\\\/www.sconxis.com\\\/#website\",\"url\":\"https:\\\/\\\/www.sconxis.com\\\/\",\"name\":\"Sconxis International\",\"description\":\"\",\"publisher\":{\"@id\":\"https:\\\/\\\/www.sconxis.com\\\/#organization\"},\"potentialAction\":[{\"@type\":\"SearchAction\",\"target\":{\"@type\":\"EntryPoint\",\"urlTemplate\":\"https:\\\/\\\/www.sconxis.com\\\/?s={search_term_string}\"},\"query-input\":{\"@type\":\"PropertyValueSpecification\",\"valueRequired\":true,\"valueName\":\"search_term_string\"}}],\"inLanguage\":\"de\"},{\"@type\":\"Organization\",\"@id\":\"https:\\\/\\\/www.sconxis.com\\\/#organization\",\"name\":\"Sconxis International\",\"url\":\"https:\\\/\\\/www.sconxis.com\\\/\",\"logo\":{\"@type\":\"ImageObject\",\"inLanguage\":\"de\",\"@id\":\"https:\\\/\\\/www.sconxis.com\\\/#\\\/schema\\\/logo\\\/image\\\/\",\"url\":\"https:\\\/\\\/www.sconxis.com\\\/wp-content\\\/uploads\\\/2017\\\/07\\\/Favicon.jpg\",\"contentUrl\":\"https:\\\/\\\/www.sconxis.com\\\/wp-content\\\/uploads\\\/2017\\\/07\\\/Favicon.jpg\",\"width\":64,\"height\":64,\"caption\":\"Sconxis International\"},\"image\":{\"@id\":\"https:\\\/\\\/www.sconxis.com\\\/#\\\/schema\\\/logo\\\/image\\\/\"}}]}<\/script>\n<!-- \/ Yoast SEO plugin. -->","yoast_head_json":{"title":"Wirtschaftsdetektei - Sconxis International","description":"Unsere Detektive ermitteln und observieren fallorientiert intern in ihrem Unternehmen oder in externen Firmen.\u00ad\u00ad\u00ad\u00ad\u00ad\u00ad\u00ad\u00ad\u00ad\u00ad","robots":{"index":"index","follow":"follow","max-snippet":"max-snippet:-1","max-image-preview":"max-image-preview:large","max-video-preview":"max-video-preview:-1"},"canonical":"https:\/\/www.sconxis.com\/index.php\/wirtschaftsdetektei\/","og_locale":"de_DE","og_type":"article","og_title":"Wirtschaftsdetektei - Sconxis International","og_description":"Unsere Detektive ermitteln und observieren fallorientiert intern in ihrem Unternehmen oder in externen Firmen.\u00ad\u00ad\u00ad\u00ad\u00ad\u00ad\u00ad\u00ad\u00ad\u00ad","og_url":"https:\/\/www.sconxis.com\/index.php\/wirtschaftsdetektei\/","og_site_name":"Sconxis International","article_modified_time":"2017-07-14T09:59:12+00:00","twitter_card":"summary_large_image","twitter_misc":{"Gesch\u00e4tzte Lesezeit":"1\u00a0Minute"},"schema":{"@context":"https:\/\/schema.org","@graph":[{"@type":"WebPage","@id":"https:\/\/www.sconxis.com\/index.php\/wirtschaftsdetektei\/","url":"https:\/\/www.sconxis.com\/index.php\/wirtschaftsdetektei\/","name":"Wirtschaftsdetektei - Sconxis International","isPartOf":{"@id":"https:\/\/www.sconxis.com\/#website"},"datePublished":"2017-07-13T10:25:18+00:00","dateModified":"2017-07-14T09:59:12+00:00","description":"Unsere Detektive ermitteln und observieren fallorientiert intern in ihrem Unternehmen oder in externen Firmen.\u00ad\u00ad\u00ad\u00ad\u00ad\u00ad\u00ad\u00ad\u00ad\u00ad","breadcrumb":{"@id":"https:\/\/www.sconxis.com\/index.php\/wirtschaftsdetektei\/#breadcrumb"},"inLanguage":"de","potentialAction":[{"@type":"ReadAction","target":["https:\/\/www.sconxis.com\/index.php\/wirtschaftsdetektei\/"]}]},{"@type":"BreadcrumbList","@id":"https:\/\/www.sconxis.com\/index.php\/wirtschaftsdetektei\/#breadcrumb","itemListElement":[{"@type":"ListItem","position":1,"name":"Startseite","item":"https:\/\/www.sconxis.com\/"},{"@type":"ListItem","position":2,"name":"Wirtschaftsdetektei"}]},{"@type":"WebSite","@id":"https:\/\/www.sconxis.com\/#website","url":"https:\/\/www.sconxis.com\/","name":"Sconxis International","description":"","publisher":{"@id":"https:\/\/www.sconxis.com\/#organization"},"potentialAction":[{"@type":"SearchAction","target":{"@type":"EntryPoint","urlTemplate":"https:\/\/www.sconxis.com\/?s={search_term_string}"},"query-input":{"@type":"PropertyValueSpecification","valueRequired":true,"valueName":"search_term_string"}}],"inLanguage":"de"},{"@type":"Organization","@id":"https:\/\/www.sconxis.com\/#organization","name":"Sconxis International","url":"https:\/\/www.sconxis.com\/","logo":{"@type":"ImageObject","inLanguage":"de","@id":"https:\/\/www.sconxis.com\/#\/schema\/logo\/image\/","url":"https:\/\/www.sconxis.com\/wp-content\/uploads\/2017\/07\/Favicon.jpg","contentUrl":"https:\/\/www.sconxis.com\/wp-content\/uploads\/2017\/07\/Favicon.jpg","width":64,"height":64,"caption":"Sconxis International"},"image":{"@id":"https:\/\/www.sconxis.com\/#\/schema\/logo\/image\/"}}]}},"_links":{"self":[{"href":"https:\/\/www.sconxis.com\/index.php\/wp-json\/wp\/v2\/pages\/14","targetHints":{"allow":["GET"]}}],"collection":[{"href":"https:\/\/www.sconxis.com\/index.php\/wp-json\/wp\/v2\/pages"}],"about":[{"href":"https:\/\/www.sconxis.com\/index.php\/wp-json\/wp\/v2\/types\/page"}],"author":[{"embeddable":true,"href":"https:\/\/www.sconxis.com\/index.php\/wp-json\/wp\/v2\/users\/1"}],"replies":[{"embeddable":true,"href":"https:\/\/www.sconxis.com\/index.php\/wp-json\/wp\/v2\/comments?post=14"}],"version-history":[{"count":5,"href":"https:\/\/www.sconxis.com\/index.php\/wp-json\/wp\/v2\/pages\/14\/revisions"}],"predecessor-version":[{"id":51,"href":"https:\/\/www.sconxis.com\/index.php\/wp-json\/wp\/v2\/pages\/14\/revisions\/51"}],"wp:attachment":[{"href":"https:\/\/www.sconxis.com\/index.php\/wp-json\/wp\/v2\/media?parent=14"}],"curies":[{"name":"wp","href":"https:\/\/api.w.org\/{rel}","templated":true}]}}