{"id":18,"date":"2017-07-13T12:26:04","date_gmt":"2017-07-13T10:26:04","guid":{"rendered":"https:\/\/www.sconxis.com\/?page_id=18"},"modified":"2017-07-14T11:59:52","modified_gmt":"2017-07-14T09:59:52","slug":"personenschutz","status":"publish","type":"page","link":"https:\/\/www.sconxis.com\/index.php\/personenschutz\/","title":{"rendered":"Personenschutz"},"content":{"rendered":"<p style=\"text-align: justify;\">Eine Welt ohne Grenzen bietet viele M\u00f6glichkeiten. Allerdings liefert sie auch viel Freiraum f\u00fcr Gefahren und Straft\u00e4ter.<br \/>\nStaatliche Ermittlungsbeh\u00f6rden sind oft tr\u00e4ge und unflexibel. Oft ermitteln sie erst dann, wenn das Kind bereits in den Brunnen gefallen ist. Und auch dann tut sich die deutsche Justiz oft schwer und verliert ihre Effektivit\u00e4t in veralteten Vorschriften und unbeweglichem Beh\u00f6rdenwahnsinn.<br \/>\nPr\u00e4ventive Ma\u00dfnahmen kommen in der Regel f\u00fcr deutsche Beh\u00f6rden nicht in Betracht oder m\u00fcssen nach kurzer Zeit wieder abgebrochen werden.<\/p>\n<p style=\"text-align: justify;\">Wohlstand macht sie schnell zur Zielscheibe von Verbrechern. Aber sie k\u00f6nnen selber aktiv werden und sich, ihre Familie und ihre G\u00fcter sch\u00fctzen. Unser Unternehmen bietet ihnen die M\u00f6glichkeit, sich effektiv zu sch\u00fctzen, ihre Familie in Sicherheit zu wissen und ihren Besitz zu erhalten.<br \/>\nDie Vorverwendung in polizeilichen oder milit\u00e4rischen Spezialeinheiten mit den Fachbereichen des Personenschutzes ist in diesem Bereich notwendige Grundvoraussetzung f\u00fcr eine Anstellung in unserem Unternehmen. Unsere Mitarbeiter sind nachweislich hochdekorierte Spezialisten und begleiten sie auch in Krisengebiete. Die medizinische Versorgung \u2013falls erforderlich- wird durch unsere praxiserprobten \u00c4rzte auch in instabilen L\u00e4ndern direkt vor Ort gew\u00e4hrleistet.<br \/>\nSie erhalten also ein H\u00f6chstma\u00df an Sicherheit und schneller Versorgung vor Ort \u2013 egal wo sie sich aufhalten.<br \/>\nDamit profitieren sie von einer Personalqualit\u00e4t, welche sie so im In-und Ausland nur schwerlich wiederfinden werden.<br \/>\nWir bieten tempor\u00e4r begrenzten Personenschutz ( Gesch\u00e4ftsreisen, Auslandssemester ihrer Kinder oder konkrete Bedrohungslagen ) genauso an wie dauerhaft angelegte Schutzma\u00dfnahmen.<br \/>\nBasierend auf unseren fachkundigen, aktuellen Sicherheitseinsch\u00e4tzungen und Gef\u00e4hrdungsanalysen im In-und Ausland sind wir in der Lage, sie weltweit sicher zu begleiten.<br \/>\nSie legen fest wer gesch\u00fctzt werden soll. Sie, ihre Frau, ihre Kinder\u2026<br \/>\nWir beraten sie und stellen ein individuelles Schutzkonzept vor. Zusammen mit ihnen setzen wir dies in die Praxis um und betreuen sie in dem von ihnen gew\u00fcnschten Umfang.<\/p>\n","protected":false},"excerpt":{"rendered":"<p>Eine Welt ohne Grenzen bietet viele M\u00f6glichkeiten. Allerdings liefert sie auch viel Freiraum f\u00fcr Gefahren und Straft\u00e4ter. Staatliche Ermittlungsbeh\u00f6rden sind oft tr\u00e4ge und unflexibel. Oft ermitteln sie erst dann, wenn das Kind bereits in den Brunnen gefallen ist. Und auch dann tut sich die deutsche Justiz oft schwer und verliert\u2026<\/p>\n<p> <a class=\"continue-reading-link\" href=\"https:\/\/www.sconxis.com\/index.php\/personenschutz\/\"><span>Continue reading<\/span><i class=\"crycon-right-dir\"><\/i><\/a> <\/p>\n","protected":false},"author":1,"featured_media":0,"parent":0,"menu_order":0,"comment_status":"closed","ping_status":"closed","template":"","meta":{"footnotes":""},"class_list":["post-18","page","type-page","status-publish","hentry"],"yoast_head":"<!-- This site is optimized with the Yoast SEO plugin v27.6 - https:\/\/yoast.com\/product\/yoast-seo-wordpress\/ -->\n<title>Personenschutz - Sconxis International<\/title>\n<meta name=\"description\" content=\"Wir bieten tempor\u00e4r begrenzten Personenschutz ( Gesch\u00e4ftsreisen, Auslandssemester ihrer Kinder oder konkrete Bedrohungslagen )\" \/>\n<meta name=\"robots\" content=\"index, follow, max-snippet:-1, max-image-preview:large, max-video-preview:-1\" \/>\n<link rel=\"canonical\" href=\"https:\/\/www.sconxis.com\/index.php\/personenschutz\/\" \/>\n<meta property=\"og:locale\" content=\"de_DE\" \/>\n<meta property=\"og:type\" content=\"article\" \/>\n<meta property=\"og:title\" content=\"Personenschutz - Sconxis International\" \/>\n<meta property=\"og:description\" content=\"Wir bieten tempor\u00e4r begrenzten Personenschutz ( Gesch\u00e4ftsreisen, Auslandssemester ihrer Kinder oder konkrete Bedrohungslagen )\" \/>\n<meta property=\"og:url\" content=\"https:\/\/www.sconxis.com\/index.php\/personenschutz\/\" \/>\n<meta property=\"og:site_name\" content=\"Sconxis International\" \/>\n<meta property=\"article:modified_time\" content=\"2017-07-14T09:59:52+00:00\" \/>\n<meta name=\"twitter:card\" content=\"summary_large_image\" \/>\n<meta name=\"twitter:label1\" content=\"Gesch\u00e4tzte Lesezeit\" \/>\n\t<meta name=\"twitter:data1\" content=\"2\u00a0Minuten\" \/>\n<script type=\"application\/ld+json\" class=\"yoast-schema-graph\">{\"@context\":\"https:\\\/\\\/schema.org\",\"@graph\":[{\"@type\":\"WebPage\",\"@id\":\"https:\\\/\\\/www.sconxis.com\\\/index.php\\\/personenschutz\\\/\",\"url\":\"https:\\\/\\\/www.sconxis.com\\\/index.php\\\/personenschutz\\\/\",\"name\":\"Personenschutz - Sconxis International\",\"isPartOf\":{\"@id\":\"https:\\\/\\\/www.sconxis.com\\\/#website\"},\"datePublished\":\"2017-07-13T10:26:04+00:00\",\"dateModified\":\"2017-07-14T09:59:52+00:00\",\"description\":\"Wir bieten tempor\u00e4r begrenzten Personenschutz ( Gesch\u00e4ftsreisen, Auslandssemester ihrer Kinder oder konkrete Bedrohungslagen )\",\"breadcrumb\":{\"@id\":\"https:\\\/\\\/www.sconxis.com\\\/index.php\\\/personenschutz\\\/#breadcrumb\"},\"inLanguage\":\"de\",\"potentialAction\":[{\"@type\":\"ReadAction\",\"target\":[\"https:\\\/\\\/www.sconxis.com\\\/index.php\\\/personenschutz\\\/\"]}]},{\"@type\":\"BreadcrumbList\",\"@id\":\"https:\\\/\\\/www.sconxis.com\\\/index.php\\\/personenschutz\\\/#breadcrumb\",\"itemListElement\":[{\"@type\":\"ListItem\",\"position\":1,\"name\":\"Startseite\",\"item\":\"https:\\\/\\\/www.sconxis.com\\\/\"},{\"@type\":\"ListItem\",\"position\":2,\"name\":\"Personenschutz\"}]},{\"@type\":\"WebSite\",\"@id\":\"https:\\\/\\\/www.sconxis.com\\\/#website\",\"url\":\"https:\\\/\\\/www.sconxis.com\\\/\",\"name\":\"Sconxis International\",\"description\":\"\",\"publisher\":{\"@id\":\"https:\\\/\\\/www.sconxis.com\\\/#organization\"},\"potentialAction\":[{\"@type\":\"SearchAction\",\"target\":{\"@type\":\"EntryPoint\",\"urlTemplate\":\"https:\\\/\\\/www.sconxis.com\\\/?s={search_term_string}\"},\"query-input\":{\"@type\":\"PropertyValueSpecification\",\"valueRequired\":true,\"valueName\":\"search_term_string\"}}],\"inLanguage\":\"de\"},{\"@type\":\"Organization\",\"@id\":\"https:\\\/\\\/www.sconxis.com\\\/#organization\",\"name\":\"Sconxis International\",\"url\":\"https:\\\/\\\/www.sconxis.com\\\/\",\"logo\":{\"@type\":\"ImageObject\",\"inLanguage\":\"de\",\"@id\":\"https:\\\/\\\/www.sconxis.com\\\/#\\\/schema\\\/logo\\\/image\\\/\",\"url\":\"https:\\\/\\\/www.sconxis.com\\\/wp-content\\\/uploads\\\/2017\\\/07\\\/Favicon.jpg\",\"contentUrl\":\"https:\\\/\\\/www.sconxis.com\\\/wp-content\\\/uploads\\\/2017\\\/07\\\/Favicon.jpg\",\"width\":64,\"height\":64,\"caption\":\"Sconxis International\"},\"image\":{\"@id\":\"https:\\\/\\\/www.sconxis.com\\\/#\\\/schema\\\/logo\\\/image\\\/\"}}]}<\/script>\n<!-- \/ Yoast SEO plugin. -->","yoast_head_json":{"title":"Personenschutz - Sconxis International","description":"Wir bieten tempor\u00e4r begrenzten Personenschutz ( Gesch\u00e4ftsreisen, Auslandssemester ihrer Kinder oder konkrete Bedrohungslagen )","robots":{"index":"index","follow":"follow","max-snippet":"max-snippet:-1","max-image-preview":"max-image-preview:large","max-video-preview":"max-video-preview:-1"},"canonical":"https:\/\/www.sconxis.com\/index.php\/personenschutz\/","og_locale":"de_DE","og_type":"article","og_title":"Personenschutz - Sconxis International","og_description":"Wir bieten tempor\u00e4r begrenzten Personenschutz ( Gesch\u00e4ftsreisen, Auslandssemester ihrer Kinder oder konkrete Bedrohungslagen )","og_url":"https:\/\/www.sconxis.com\/index.php\/personenschutz\/","og_site_name":"Sconxis International","article_modified_time":"2017-07-14T09:59:52+00:00","twitter_card":"summary_large_image","twitter_misc":{"Gesch\u00e4tzte Lesezeit":"2\u00a0Minuten"},"schema":{"@context":"https:\/\/schema.org","@graph":[{"@type":"WebPage","@id":"https:\/\/www.sconxis.com\/index.php\/personenschutz\/","url":"https:\/\/www.sconxis.com\/index.php\/personenschutz\/","name":"Personenschutz - Sconxis International","isPartOf":{"@id":"https:\/\/www.sconxis.com\/#website"},"datePublished":"2017-07-13T10:26:04+00:00","dateModified":"2017-07-14T09:59:52+00:00","description":"Wir bieten tempor\u00e4r begrenzten Personenschutz ( Gesch\u00e4ftsreisen, Auslandssemester ihrer Kinder oder konkrete Bedrohungslagen )","breadcrumb":{"@id":"https:\/\/www.sconxis.com\/index.php\/personenschutz\/#breadcrumb"},"inLanguage":"de","potentialAction":[{"@type":"ReadAction","target":["https:\/\/www.sconxis.com\/index.php\/personenschutz\/"]}]},{"@type":"BreadcrumbList","@id":"https:\/\/www.sconxis.com\/index.php\/personenschutz\/#breadcrumb","itemListElement":[{"@type":"ListItem","position":1,"name":"Startseite","item":"https:\/\/www.sconxis.com\/"},{"@type":"ListItem","position":2,"name":"Personenschutz"}]},{"@type":"WebSite","@id":"https:\/\/www.sconxis.com\/#website","url":"https:\/\/www.sconxis.com\/","name":"Sconxis International","description":"","publisher":{"@id":"https:\/\/www.sconxis.com\/#organization"},"potentialAction":[{"@type":"SearchAction","target":{"@type":"EntryPoint","urlTemplate":"https:\/\/www.sconxis.com\/?s={search_term_string}"},"query-input":{"@type":"PropertyValueSpecification","valueRequired":true,"valueName":"search_term_string"}}],"inLanguage":"de"},{"@type":"Organization","@id":"https:\/\/www.sconxis.com\/#organization","name":"Sconxis International","url":"https:\/\/www.sconxis.com\/","logo":{"@type":"ImageObject","inLanguage":"de","@id":"https:\/\/www.sconxis.com\/#\/schema\/logo\/image\/","url":"https:\/\/www.sconxis.com\/wp-content\/uploads\/2017\/07\/Favicon.jpg","contentUrl":"https:\/\/www.sconxis.com\/wp-content\/uploads\/2017\/07\/Favicon.jpg","width":64,"height":64,"caption":"Sconxis International"},"image":{"@id":"https:\/\/www.sconxis.com\/#\/schema\/logo\/image\/"}}]}},"_links":{"self":[{"href":"https:\/\/www.sconxis.com\/index.php\/wp-json\/wp\/v2\/pages\/18","targetHints":{"allow":["GET"]}}],"collection":[{"href":"https:\/\/www.sconxis.com\/index.php\/wp-json\/wp\/v2\/pages"}],"about":[{"href":"https:\/\/www.sconxis.com\/index.php\/wp-json\/wp\/v2\/types\/page"}],"author":[{"embeddable":true,"href":"https:\/\/www.sconxis.com\/index.php\/wp-json\/wp\/v2\/users\/1"}],"replies":[{"embeddable":true,"href":"https:\/\/www.sconxis.com\/index.php\/wp-json\/wp\/v2\/comments?post=18"}],"version-history":[{"count":3,"href":"https:\/\/www.sconxis.com\/index.php\/wp-json\/wp\/v2\/pages\/18\/revisions"}],"predecessor-version":[{"id":34,"href":"https:\/\/www.sconxis.com\/index.php\/wp-json\/wp\/v2\/pages\/18\/revisions\/34"}],"wp:attachment":[{"href":"https:\/\/www.sconxis.com\/index.php\/wp-json\/wp\/v2\/media?parent=18"}],"curies":[{"name":"wp","href":"https:\/\/api.w.org\/{rel}","templated":true}]}}