{"id":20,"date":"2017-07-13T12:26:37","date_gmt":"2017-07-13T10:26:37","guid":{"rendered":"https:\/\/www.sconxis.com\/?page_id=20"},"modified":"2017-07-14T12:05:02","modified_gmt":"2017-07-14T10:05:02","slug":"it-sicherheit","status":"publish","type":"page","link":"https:\/\/www.sconxis.com\/index.php\/it-sicherheit\/","title":{"rendered":"IT Sicherheit"},"content":{"rendered":"<p style=\"text-align: justify;\">Digitale Netzwerke sind das Herzst\u00fcck jedes Unternehmens und die Achillesverse zugleich. Organisationen jeder Art und Gr\u00f6\u00dfe sind heute Angriffen auf ihre Systeme ausgesetzt, und die Bedrohungslage durch Hackerangriffe, Ransom- und Spyware ist unberechenbar. Die IT-Sicherheit gro\u00dfer Unternehmen, Beh\u00f6rden, Banken und Versicherungen wird meist durch interne Spezialistenteams oder auf Gro\u00dfunternehmen ausgerichtete Dienstleister sichergestellt. Kleine Betriebe und der Mittelstand werden meist durch lokal ans\u00e4ssige Systemh\u00e4user betreut, deren Fokus auf den Verkauf und die Installation von Hard- und Softwarekomponenten ausgerichtet ist. Unser Ziel ist es, speziell kleinen und mittelst\u00e4ndischen Unternehmen in diesem anspruchsvollen Bereich ein zuverl\u00e4ssiger, kompetenter Partner und unabh\u00e4ngiger Dienstleister zu sein.<\/p>\n<p style=\"text-align: justify;\">Um Unternehmensnetzwerke intern und extern optimal zu sch\u00fctzen, bedarf es versierter IT-Spezialisten. Durch genau diese Experten sind wir in der Lage, Ihnen ein mehrstufiges, individuell angepasstes Dienstleistungspaket anzubieten.<\/p>\n<p style=\"text-align: justify;\">Wir entwickeln mit Ihnen individuelle IT-Sicherheitskonzepte und stehen jederzeit bei allen Fragen rund um die Sicherheit Ihrer Systeme als zuverl\u00e4ssiger und kompetenter Partner an Ihrer Seite.<\/p>\n<p style=\"text-align: justify;\">Wir \u00fcberpr\u00fcfen Ihr bestehendes IT-System auf Sicherheitsl\u00fccken, konzeptionelle Schw\u00e4chen und problematische Konfigurationen. Zus\u00e4tzlich erarbeiten wir mit Ihnen L\u00f6sungsans\u00e4tze zur Behebung\u00a0festgestellter Schwachstellen. Weiterhin\u00a0zeigen wir\u00a0Wege auf, die Sicherheit Ihrer Systeme zu verbessern und entwickeln mit Ihnen Prozesse, diese\u00a0dauerhaft zu gew\u00e4hrleisten .\u00a0Hierbei arbeiten wir eng mit Ihrer IT-Abteilung oder dem betreuendem Systemhaus zusammen.<\/p>\n<p style=\"text-align: justify;\">Systemausf\u00e4lle durch Malwarebefall, Diebstal von Unternehmensdaten oder der Verlust von Kundendaten k\u00f6nnen schnell sehr teuer werden, oft sogar die Existenz eines Unternemens bedrohen. Wir helfen Ihnen schnell und kompetent, wenn es in Ihrem Unternhemen zu einem Problem gekommen sein sollte.<\/p>\n<p style=\"text-align: justify;\">Wir schulen Sie und Ihre Mitarbeiter darin Angriffe, wie beispielsweise Social Engineerig oder Spear Phishing zu erkennen. Gern f\u00fchren wir auch einmal vor, wie ein erfolgreicher Angriff aus der Sicht des Angreifers aussieht und verdeutlichen so anschaulich, welche Konsequenzen ein erfolgreicher Angriff f\u00fcr das Unternhemen oder einen Mitarbeiter pers\u00f6nlich haben kann.<\/p>\n","protected":false},"excerpt":{"rendered":"<p>Digitale Netzwerke sind das Herzst\u00fcck jedes Unternehmens und die Achillesverse zugleich. Organisationen jeder Art und Gr\u00f6\u00dfe sind heute Angriffen auf ihre Systeme ausgesetzt, und die Bedrohungslage durch Hackerangriffe, Ransom- und Spyware ist unberechenbar. Die IT-Sicherheit gro\u00dfer Unternehmen, Beh\u00f6rden, Banken und Versicherungen wird meist durch interne Spezialistenteams oder auf Gro\u00dfunternehmen ausgerichtete\u2026<\/p>\n<p> <a class=\"continue-reading-link\" href=\"https:\/\/www.sconxis.com\/index.php\/it-sicherheit\/\"><span>Continue reading<\/span><i class=\"crycon-right-dir\"><\/i><\/a> <\/p>\n","protected":false},"author":1,"featured_media":0,"parent":0,"menu_order":0,"comment_status":"closed","ping_status":"closed","template":"","meta":{"footnotes":""},"class_list":["post-20","page","type-page","status-publish","hentry"],"yoast_head":"<!-- This site is optimized with the Yoast SEO plugin v27.6 - https:\/\/yoast.com\/product\/yoast-seo-wordpress\/ -->\n<title>IT Sicherheit - Sconxis International<\/title>\n<meta name=\"description\" content=\"Unser Ziel ist es Unternehmen in diesem anspruchsvollen Bereich ein zuverl\u00e4ssiger, kompetenter Partner und unabh\u00e4ngiger Dienstleister zu sein\" \/>\n<meta name=\"robots\" content=\"index, follow, max-snippet:-1, max-image-preview:large, max-video-preview:-1\" \/>\n<link rel=\"canonical\" href=\"https:\/\/www.sconxis.com\/index.php\/it-sicherheit\/\" \/>\n<meta property=\"og:locale\" content=\"de_DE\" \/>\n<meta property=\"og:type\" content=\"article\" \/>\n<meta property=\"og:title\" content=\"IT Sicherheit - Sconxis International\" \/>\n<meta property=\"og:description\" content=\"Unser Ziel ist es Unternehmen in diesem anspruchsvollen Bereich ein zuverl\u00e4ssiger, kompetenter Partner und unabh\u00e4ngiger Dienstleister zu sein\" \/>\n<meta property=\"og:url\" content=\"https:\/\/www.sconxis.com\/index.php\/it-sicherheit\/\" \/>\n<meta property=\"og:site_name\" content=\"Sconxis International\" \/>\n<meta property=\"article:modified_time\" content=\"2017-07-14T10:05:02+00:00\" \/>\n<meta name=\"twitter:card\" content=\"summary_large_image\" \/>\n<meta name=\"twitter:label1\" content=\"Gesch\u00e4tzte Lesezeit\" \/>\n\t<meta name=\"twitter:data1\" content=\"2\u00a0Minuten\" \/>\n<script type=\"application\/ld+json\" class=\"yoast-schema-graph\">{\"@context\":\"https:\\\/\\\/schema.org\",\"@graph\":[{\"@type\":\"WebPage\",\"@id\":\"https:\\\/\\\/www.sconxis.com\\\/index.php\\\/it-sicherheit\\\/\",\"url\":\"https:\\\/\\\/www.sconxis.com\\\/index.php\\\/it-sicherheit\\\/\",\"name\":\"IT Sicherheit - Sconxis International\",\"isPartOf\":{\"@id\":\"https:\\\/\\\/www.sconxis.com\\\/#website\"},\"datePublished\":\"2017-07-13T10:26:37+00:00\",\"dateModified\":\"2017-07-14T10:05:02+00:00\",\"description\":\"Unser Ziel ist es Unternehmen in diesem anspruchsvollen Bereich ein zuverl\u00e4ssiger, kompetenter Partner und unabh\u00e4ngiger Dienstleister zu sein\",\"breadcrumb\":{\"@id\":\"https:\\\/\\\/www.sconxis.com\\\/index.php\\\/it-sicherheit\\\/#breadcrumb\"},\"inLanguage\":\"de\",\"potentialAction\":[{\"@type\":\"ReadAction\",\"target\":[\"https:\\\/\\\/www.sconxis.com\\\/index.php\\\/it-sicherheit\\\/\"]}]},{\"@type\":\"BreadcrumbList\",\"@id\":\"https:\\\/\\\/www.sconxis.com\\\/index.php\\\/it-sicherheit\\\/#breadcrumb\",\"itemListElement\":[{\"@type\":\"ListItem\",\"position\":1,\"name\":\"Startseite\",\"item\":\"https:\\\/\\\/www.sconxis.com\\\/\"},{\"@type\":\"ListItem\",\"position\":2,\"name\":\"IT Sicherheit\"}]},{\"@type\":\"WebSite\",\"@id\":\"https:\\\/\\\/www.sconxis.com\\\/#website\",\"url\":\"https:\\\/\\\/www.sconxis.com\\\/\",\"name\":\"Sconxis International\",\"description\":\"\",\"publisher\":{\"@id\":\"https:\\\/\\\/www.sconxis.com\\\/#organization\"},\"potentialAction\":[{\"@type\":\"SearchAction\",\"target\":{\"@type\":\"EntryPoint\",\"urlTemplate\":\"https:\\\/\\\/www.sconxis.com\\\/?s={search_term_string}\"},\"query-input\":{\"@type\":\"PropertyValueSpecification\",\"valueRequired\":true,\"valueName\":\"search_term_string\"}}],\"inLanguage\":\"de\"},{\"@type\":\"Organization\",\"@id\":\"https:\\\/\\\/www.sconxis.com\\\/#organization\",\"name\":\"Sconxis International\",\"url\":\"https:\\\/\\\/www.sconxis.com\\\/\",\"logo\":{\"@type\":\"ImageObject\",\"inLanguage\":\"de\",\"@id\":\"https:\\\/\\\/www.sconxis.com\\\/#\\\/schema\\\/logo\\\/image\\\/\",\"url\":\"https:\\\/\\\/www.sconxis.com\\\/wp-content\\\/uploads\\\/2017\\\/07\\\/Favicon.jpg\",\"contentUrl\":\"https:\\\/\\\/www.sconxis.com\\\/wp-content\\\/uploads\\\/2017\\\/07\\\/Favicon.jpg\",\"width\":64,\"height\":64,\"caption\":\"Sconxis International\"},\"image\":{\"@id\":\"https:\\\/\\\/www.sconxis.com\\\/#\\\/schema\\\/logo\\\/image\\\/\"}}]}<\/script>\n<!-- \/ Yoast SEO plugin. -->","yoast_head_json":{"title":"IT Sicherheit - Sconxis International","description":"Unser Ziel ist es Unternehmen in diesem anspruchsvollen Bereich ein zuverl\u00e4ssiger, kompetenter Partner und unabh\u00e4ngiger Dienstleister zu sein","robots":{"index":"index","follow":"follow","max-snippet":"max-snippet:-1","max-image-preview":"max-image-preview:large","max-video-preview":"max-video-preview:-1"},"canonical":"https:\/\/www.sconxis.com\/index.php\/it-sicherheit\/","og_locale":"de_DE","og_type":"article","og_title":"IT Sicherheit - Sconxis International","og_description":"Unser Ziel ist es Unternehmen in diesem anspruchsvollen Bereich ein zuverl\u00e4ssiger, kompetenter Partner und unabh\u00e4ngiger Dienstleister zu sein","og_url":"https:\/\/www.sconxis.com\/index.php\/it-sicherheit\/","og_site_name":"Sconxis International","article_modified_time":"2017-07-14T10:05:02+00:00","twitter_card":"summary_large_image","twitter_misc":{"Gesch\u00e4tzte Lesezeit":"2\u00a0Minuten"},"schema":{"@context":"https:\/\/schema.org","@graph":[{"@type":"WebPage","@id":"https:\/\/www.sconxis.com\/index.php\/it-sicherheit\/","url":"https:\/\/www.sconxis.com\/index.php\/it-sicherheit\/","name":"IT Sicherheit - Sconxis International","isPartOf":{"@id":"https:\/\/www.sconxis.com\/#website"},"datePublished":"2017-07-13T10:26:37+00:00","dateModified":"2017-07-14T10:05:02+00:00","description":"Unser Ziel ist es Unternehmen in diesem anspruchsvollen Bereich ein zuverl\u00e4ssiger, kompetenter Partner und unabh\u00e4ngiger Dienstleister zu sein","breadcrumb":{"@id":"https:\/\/www.sconxis.com\/index.php\/it-sicherheit\/#breadcrumb"},"inLanguage":"de","potentialAction":[{"@type":"ReadAction","target":["https:\/\/www.sconxis.com\/index.php\/it-sicherheit\/"]}]},{"@type":"BreadcrumbList","@id":"https:\/\/www.sconxis.com\/index.php\/it-sicherheit\/#breadcrumb","itemListElement":[{"@type":"ListItem","position":1,"name":"Startseite","item":"https:\/\/www.sconxis.com\/"},{"@type":"ListItem","position":2,"name":"IT Sicherheit"}]},{"@type":"WebSite","@id":"https:\/\/www.sconxis.com\/#website","url":"https:\/\/www.sconxis.com\/","name":"Sconxis International","description":"","publisher":{"@id":"https:\/\/www.sconxis.com\/#organization"},"potentialAction":[{"@type":"SearchAction","target":{"@type":"EntryPoint","urlTemplate":"https:\/\/www.sconxis.com\/?s={search_term_string}"},"query-input":{"@type":"PropertyValueSpecification","valueRequired":true,"valueName":"search_term_string"}}],"inLanguage":"de"},{"@type":"Organization","@id":"https:\/\/www.sconxis.com\/#organization","name":"Sconxis International","url":"https:\/\/www.sconxis.com\/","logo":{"@type":"ImageObject","inLanguage":"de","@id":"https:\/\/www.sconxis.com\/#\/schema\/logo\/image\/","url":"https:\/\/www.sconxis.com\/wp-content\/uploads\/2017\/07\/Favicon.jpg","contentUrl":"https:\/\/www.sconxis.com\/wp-content\/uploads\/2017\/07\/Favicon.jpg","width":64,"height":64,"caption":"Sconxis International"},"image":{"@id":"https:\/\/www.sconxis.com\/#\/schema\/logo\/image\/"}}]}},"_links":{"self":[{"href":"https:\/\/www.sconxis.com\/index.php\/wp-json\/wp\/v2\/pages\/20","targetHints":{"allow":["GET"]}}],"collection":[{"href":"https:\/\/www.sconxis.com\/index.php\/wp-json\/wp\/v2\/pages"}],"about":[{"href":"https:\/\/www.sconxis.com\/index.php\/wp-json\/wp\/v2\/types\/page"}],"author":[{"embeddable":true,"href":"https:\/\/www.sconxis.com\/index.php\/wp-json\/wp\/v2\/users\/1"}],"replies":[{"embeddable":true,"href":"https:\/\/www.sconxis.com\/index.php\/wp-json\/wp\/v2\/comments?post=20"}],"version-history":[{"count":4,"href":"https:\/\/www.sconxis.com\/index.php\/wp-json\/wp\/v2\/pages\/20\/revisions"}],"predecessor-version":[{"id":53,"href":"https:\/\/www.sconxis.com\/index.php\/wp-json\/wp\/v2\/pages\/20\/revisions\/53"}],"wp:attachment":[{"href":"https:\/\/www.sconxis.com\/index.php\/wp-json\/wp\/v2\/media?parent=20"}],"curies":[{"name":"wp","href":"https:\/\/api.w.org\/{rel}","templated":true}]}}