{"id":5,"date":"2017-07-13T11:53:46","date_gmt":"2017-07-13T09:53:46","guid":{"rendered":"https:\/\/www.sconxis.com\/?page_id=5"},"modified":"2018-08-21T15:30:18","modified_gmt":"2018-08-21T13:30:18","slug":"home","status":"publish","type":"page","link":"https:\/\/www.sconxis.com\/","title":{"rendered":"Home"},"content":{"rendered":"<p style=\"text-align: justify;\">Mit jahrzehntelanger Erfahrung bringen wir sie ihrem Ziel schnell, diskret und zuverl\u00e4ssig n\u00e4her. Wir bieten ihnen hochwertige Dienstleistungen auf speziellen Sektoren an. Je nach dem was sie f\u00fcr die L\u00f6sung ihres Problems als notwendig erachten, bieten wir vor allem fachkompetente und bew\u00e4hrte Strategien in den Bereichen des allgemeinen Forderungsmanagements an.<br \/>\nAu\u00dferdem haben wir uns auf Ermittlungen aller Art zur Wahrung\/Durchsetzung ihrer wirtschaftlichen Interessen spezialisiert. In Einzelf\u00e4llen ermitteln wir aber auch in privaten Angelegenheiten.<br \/>\nEin weiterer Aspekt unserer Leistungen zeigt sich, wenn sie sich oder ihre Familienmitglieder in irgendeiner Form gef\u00e4hrdet sehen und tempor\u00e4ren oder dauerhaften Personenschutz ben\u00f6tigen. Unsere Technikabteilung k\u00fcmmert sich individuell um sie und ihre Bed\u00fcrfnisse. Das beinhaltet einerseits das Aufsp\u00fcren verdeckter \u00dcberwachungstechnik, und andererseits die Installation speziell auf ihre Situation abgestimmter Video-und Audiotechnik. Ebenfalls sind wir in der Lage, eine umfangreiche Sicherheitsberatung-und \u00fcberpr\u00fcfung f\u00fcr sie vorzunehmen.<br \/>\nIn enger Zusammenarbeit mit unserer renommierten Rechtsanwaltskanzlei werden sie auch bei rechtlichen Fragen nie allein gelassen. Unser juristischer Partner weitet unseren Service f\u00fcr sie auch auf die rechtliche Ebene aus und hilft somit abschlie\u00dfend das bestm\u00f6gliche Gesamtergebnis f\u00fcr sie zu erwirken.<\/p>\n","protected":false},"excerpt":{"rendered":"<p>Mit jahrzehntelanger Erfahrung bringen wir sie ihrem Ziel schnell, diskret und zuverl\u00e4ssig n\u00e4her. Wir bieten ihnen hochwertige Dienstleistungen auf speziellen Sektoren an. Je nach dem was sie f\u00fcr die L\u00f6sung ihres Problems als notwendig erachten, bieten wir vor allem fachkompetente und bew\u00e4hrte Strategien in den Bereichen des allgemeinen Forderungsmanagements an.\u2026<\/p>\n<p> <a class=\"continue-reading-link\" href=\"https:\/\/www.sconxis.com\/\"><span>Continue reading<\/span><i class=\"crycon-right-dir\"><\/i><\/a> <\/p>\n","protected":false},"author":1,"featured_media":0,"parent":0,"menu_order":0,"comment_status":"closed","ping_status":"closed","template":"","meta":{"footnotes":""},"class_list":["post-5","page","type-page","status-publish","hentry"],"yoast_head":"<!-- This site is optimized with the Yoast SEO plugin v27.6 - https:\/\/yoast.com\/product\/yoast-seo-wordpress\/ -->\n<title>Home - Sconxis International<\/title>\n<meta name=\"description\" content=\"Forderungsmanagement | Wirtschaftsdetektei | Sicherheitstechnik | Personenschutz | IT Sicherheit | Sicherheitsberatung\" \/>\n<meta name=\"robots\" content=\"index, follow, max-snippet:-1, max-image-preview:large, max-video-preview:-1\" \/>\n<link rel=\"canonical\" href=\"https:\/\/www.sconxis.com\/\" \/>\n<meta property=\"og:locale\" content=\"de_DE\" \/>\n<meta property=\"og:type\" content=\"article\" \/>\n<meta property=\"og:title\" content=\"Home - Sconxis International\" \/>\n<meta property=\"og:description\" content=\"Forderungsmanagement | Wirtschaftsdetektei | Sicherheitstechnik | Personenschutz | IT Sicherheit | Sicherheitsberatung\" \/>\n<meta property=\"og:url\" content=\"https:\/\/www.sconxis.com\/\" \/>\n<meta property=\"og:site_name\" content=\"Sconxis International\" \/>\n<meta property=\"article:modified_time\" content=\"2018-08-21T13:30:18+00:00\" \/>\n<meta name=\"twitter:card\" content=\"summary_large_image\" \/>\n<meta name=\"twitter:label1\" content=\"Gesch\u00e4tzte Lesezeit\" \/>\n\t<meta name=\"twitter:data1\" content=\"1\u00a0Minute\" \/>\n<script type=\"application\/ld+json\" class=\"yoast-schema-graph\">{\"@context\":\"https:\\\/\\\/schema.org\",\"@graph\":[{\"@type\":\"WebPage\",\"@id\":\"https:\\\/\\\/www.sconxis.com\\\/\",\"url\":\"https:\\\/\\\/www.sconxis.com\\\/\",\"name\":\"Home - Sconxis International\",\"isPartOf\":{\"@id\":\"https:\\\/\\\/www.sconxis.com\\\/#website\"},\"datePublished\":\"2017-07-13T09:53:46+00:00\",\"dateModified\":\"2018-08-21T13:30:18+00:00\",\"description\":\"Forderungsmanagement | Wirtschaftsdetektei | Sicherheitstechnik | Personenschutz | IT Sicherheit | Sicherheitsberatung\",\"breadcrumb\":{\"@id\":\"https:\\\/\\\/www.sconxis.com\\\/#breadcrumb\"},\"inLanguage\":\"de\",\"potentialAction\":[{\"@type\":\"ReadAction\",\"target\":[\"https:\\\/\\\/www.sconxis.com\\\/\"]}]},{\"@type\":\"BreadcrumbList\",\"@id\":\"https:\\\/\\\/www.sconxis.com\\\/#breadcrumb\",\"itemListElement\":[{\"@type\":\"ListItem\",\"position\":1,\"name\":\"Startseite\",\"item\":\"https:\\\/\\\/www.sconxis.com\\\/\"},{\"@type\":\"ListItem\",\"position\":2,\"name\":\"Home\"}]},{\"@type\":\"WebSite\",\"@id\":\"https:\\\/\\\/www.sconxis.com\\\/#website\",\"url\":\"https:\\\/\\\/www.sconxis.com\\\/\",\"name\":\"Sconxis International\",\"description\":\"\",\"publisher\":{\"@id\":\"https:\\\/\\\/www.sconxis.com\\\/#organization\"},\"potentialAction\":[{\"@type\":\"SearchAction\",\"target\":{\"@type\":\"EntryPoint\",\"urlTemplate\":\"https:\\\/\\\/www.sconxis.com\\\/?s={search_term_string}\"},\"query-input\":{\"@type\":\"PropertyValueSpecification\",\"valueRequired\":true,\"valueName\":\"search_term_string\"}}],\"inLanguage\":\"de\"},{\"@type\":\"Organization\",\"@id\":\"https:\\\/\\\/www.sconxis.com\\\/#organization\",\"name\":\"Sconxis International\",\"url\":\"https:\\\/\\\/www.sconxis.com\\\/\",\"logo\":{\"@type\":\"ImageObject\",\"inLanguage\":\"de\",\"@id\":\"https:\\\/\\\/www.sconxis.com\\\/#\\\/schema\\\/logo\\\/image\\\/\",\"url\":\"https:\\\/\\\/www.sconxis.com\\\/wp-content\\\/uploads\\\/2017\\\/07\\\/Favicon.jpg\",\"contentUrl\":\"https:\\\/\\\/www.sconxis.com\\\/wp-content\\\/uploads\\\/2017\\\/07\\\/Favicon.jpg\",\"width\":64,\"height\":64,\"caption\":\"Sconxis International\"},\"image\":{\"@id\":\"https:\\\/\\\/www.sconxis.com\\\/#\\\/schema\\\/logo\\\/image\\\/\"}}]}<\/script>\n<!-- \/ Yoast SEO plugin. -->","yoast_head_json":{"title":"Home - Sconxis International","description":"Forderungsmanagement | Wirtschaftsdetektei | Sicherheitstechnik | Personenschutz | IT Sicherheit | Sicherheitsberatung","robots":{"index":"index","follow":"follow","max-snippet":"max-snippet:-1","max-image-preview":"max-image-preview:large","max-video-preview":"max-video-preview:-1"},"canonical":"https:\/\/www.sconxis.com\/","og_locale":"de_DE","og_type":"article","og_title":"Home - Sconxis International","og_description":"Forderungsmanagement | Wirtschaftsdetektei | Sicherheitstechnik | Personenschutz | IT Sicherheit | Sicherheitsberatung","og_url":"https:\/\/www.sconxis.com\/","og_site_name":"Sconxis International","article_modified_time":"2018-08-21T13:30:18+00:00","twitter_card":"summary_large_image","twitter_misc":{"Gesch\u00e4tzte Lesezeit":"1\u00a0Minute"},"schema":{"@context":"https:\/\/schema.org","@graph":[{"@type":"WebPage","@id":"https:\/\/www.sconxis.com\/","url":"https:\/\/www.sconxis.com\/","name":"Home - Sconxis International","isPartOf":{"@id":"https:\/\/www.sconxis.com\/#website"},"datePublished":"2017-07-13T09:53:46+00:00","dateModified":"2018-08-21T13:30:18+00:00","description":"Forderungsmanagement | Wirtschaftsdetektei | Sicherheitstechnik | Personenschutz | IT Sicherheit | Sicherheitsberatung","breadcrumb":{"@id":"https:\/\/www.sconxis.com\/#breadcrumb"},"inLanguage":"de","potentialAction":[{"@type":"ReadAction","target":["https:\/\/www.sconxis.com\/"]}]},{"@type":"BreadcrumbList","@id":"https:\/\/www.sconxis.com\/#breadcrumb","itemListElement":[{"@type":"ListItem","position":1,"name":"Startseite","item":"https:\/\/www.sconxis.com\/"},{"@type":"ListItem","position":2,"name":"Home"}]},{"@type":"WebSite","@id":"https:\/\/www.sconxis.com\/#website","url":"https:\/\/www.sconxis.com\/","name":"Sconxis International","description":"","publisher":{"@id":"https:\/\/www.sconxis.com\/#organization"},"potentialAction":[{"@type":"SearchAction","target":{"@type":"EntryPoint","urlTemplate":"https:\/\/www.sconxis.com\/?s={search_term_string}"},"query-input":{"@type":"PropertyValueSpecification","valueRequired":true,"valueName":"search_term_string"}}],"inLanguage":"de"},{"@type":"Organization","@id":"https:\/\/www.sconxis.com\/#organization","name":"Sconxis International","url":"https:\/\/www.sconxis.com\/","logo":{"@type":"ImageObject","inLanguage":"de","@id":"https:\/\/www.sconxis.com\/#\/schema\/logo\/image\/","url":"https:\/\/www.sconxis.com\/wp-content\/uploads\/2017\/07\/Favicon.jpg","contentUrl":"https:\/\/www.sconxis.com\/wp-content\/uploads\/2017\/07\/Favicon.jpg","width":64,"height":64,"caption":"Sconxis International"},"image":{"@id":"https:\/\/www.sconxis.com\/#\/schema\/logo\/image\/"}}]}},"_links":{"self":[{"href":"https:\/\/www.sconxis.com\/index.php\/wp-json\/wp\/v2\/pages\/5","targetHints":{"allow":["GET"]}}],"collection":[{"href":"https:\/\/www.sconxis.com\/index.php\/wp-json\/wp\/v2\/pages"}],"about":[{"href":"https:\/\/www.sconxis.com\/index.php\/wp-json\/wp\/v2\/types\/page"}],"author":[{"embeddable":true,"href":"https:\/\/www.sconxis.com\/index.php\/wp-json\/wp\/v2\/users\/1"}],"replies":[{"embeddable":true,"href":"https:\/\/www.sconxis.com\/index.php\/wp-json\/wp\/v2\/comments?post=5"}],"version-history":[{"count":5,"href":"https:\/\/www.sconxis.com\/index.php\/wp-json\/wp\/v2\/pages\/5\/revisions"}],"predecessor-version":[{"id":115,"href":"https:\/\/www.sconxis.com\/index.php\/wp-json\/wp\/v2\/pages\/5\/revisions\/115"}],"wp:attachment":[{"href":"https:\/\/www.sconxis.com\/index.php\/wp-json\/wp\/v2\/media?parent=5"}],"curies":[{"name":"wp","href":"https:\/\/api.w.org\/{rel}","templated":true}]}}