{"id":57,"date":"2017-08-15T11:28:12","date_gmt":"2017-08-15T09:28:12","guid":{"rendered":"https:\/\/www.sconxis.com\/?page_id=57"},"modified":"2017-10-10T20:18:04","modified_gmt":"2017-10-10T18:18:04","slug":"forderungsmanagement","status":"publish","type":"page","link":"https:\/\/www.sconxis.com\/index.php\/forderungsmanagement\/","title":{"rendered":"Forderungsmanagement"},"content":{"rendered":"<p style=\"text-align: justify;\">Sie haben eine Firma aufgebaut, f\u00fchren ein erfolgreiches Unternehmen?<\/p>\n<p style=\"text-align: justify;\">Dieser Erfolg beruht auf ihrem Wissen, ihrem Flei\u00df und ihrem Engagement. Aber auch auf der Zusammenarbeit mit ihren Vertragspartnern und anderen Unternehmen.<\/p>\n<p style=\"text-align: justify;\">Ein bislang erfolgreiches aber auch sensibles Geflecht aus Leistung und Gegenleistung.<\/p>\n<p style=\"text-align: justify;\">Was tun wenn sie doch mal an ein schwarzes Schaf der Branche geraten sind. Oder sie ein langj\u00e4hriger Partner pl\u00f6tzlich hinh\u00e4lt, Zahlungen einfach ausbleiben. Das ist nicht nur unangenehm sondern kann sie im laufenden Wirtschaftsbetrieb in ernsthafte Schwierigkeiten bringen.<\/p>\n<p style=\"text-align: justify;\">Schnelles Handeln ist nun essenziell wichtig. Denn es geht um ihr Geld, ihre Zukunft.<\/p>\n<p style=\"text-align: justify;\">Nun ist ein modernes, effektives Mahnwesen gefragt.<\/p>\n<p style=\"text-align: justify;\">Mit uns erhalten sie einen kompetenten und in dieser Branche erfahrenen Partner. Wir treten in enger Absprache mit ihnen, an den Vertragspartner heran. Dabei lassen wir das n\u00f6tige Feingef\u00fchl\/Fingerspitzengef\u00fchl genauso wenig aus den Augen wie das zu erf\u00fcllende Auftragsziel.<\/p>\n<p style=\"text-align: justify;\">Der Schuldner wird nicht nur formal, h\u00f6flich und angemessen an die Zahlungsausst\u00e4nde erinnert, sondern auch veranlasst diese z\u00fcgig zu t\u00e4tigen.<\/p>\n<p style=\"text-align: justify;\">Bei bevorstehenden Vertr\u00e4gen oder Verhandlungen mit neuen Gesch\u00e4ftspartnern kann es nicht nur ein gutes Gef\u00fchl verschaffen etwas \u00fcber die andere noch unbekannte Seite zu erfahren. Es kann von existenzieller Wichtigkeit sein, die Bonit\u00e4t des Gegen\u00fcbers einsch\u00e4tzen zu k\u00f6nnen.<\/p>\n<p style=\"text-align: justify;\">Wir helfen ihnen diesen wichtigen, gro\u00dfen Schritt so sicher wie m\u00f6glich zu machen und finanzielle Risiken im Vorfeld zu verringern, indem wir potenzielle Partner f\u00fcr sie genauer unter die Lupe nehmen.<\/p>\n","protected":false},"excerpt":{"rendered":"<p>Sie haben eine Firma aufgebaut, f\u00fchren ein erfolgreiches Unternehmen? Dieser Erfolg beruht auf ihrem Wissen, ihrem Flei\u00df und ihrem Engagement. Aber auch auf der Zusammenarbeit mit ihren Vertragspartnern und anderen Unternehmen. Ein bislang erfolgreiches aber auch sensibles Geflecht aus Leistung und Gegenleistung. Was tun wenn sie doch mal an ein\u2026<\/p>\n<p> <a class=\"continue-reading-link\" href=\"https:\/\/www.sconxis.com\/index.php\/forderungsmanagement\/\"><span>Continue reading<\/span><i class=\"crycon-right-dir\"><\/i><\/a> <\/p>\n","protected":false},"author":1,"featured_media":0,"parent":0,"menu_order":0,"comment_status":"closed","ping_status":"closed","template":"","meta":{"footnotes":""},"class_list":["post-57","page","type-page","status-publish","hentry"],"yoast_head":"<!-- This site is optimized with the Yoast SEO plugin v27.6 - https:\/\/yoast.com\/product\/yoast-seo-wordpress\/ -->\n<title>Forderungsmanagement - Sconxis International<\/title>\n<meta name=\"description\" content=\"Der Schuldner wird nicht nur formal, h\u00f6flich und angemessen an die Zahlungsausst\u00e4nde erinnert, sondern auch veranlasst diese z\u00fcgig zu t\u00e4tigen\" \/>\n<meta name=\"robots\" content=\"index, follow, max-snippet:-1, max-image-preview:large, max-video-preview:-1\" \/>\n<link rel=\"canonical\" href=\"https:\/\/www.sconxis.com\/index.php\/forderungsmanagement\/\" \/>\n<meta property=\"og:locale\" content=\"de_DE\" \/>\n<meta property=\"og:type\" content=\"article\" \/>\n<meta property=\"og:title\" content=\"Forderungsmanagement - Sconxis International\" \/>\n<meta property=\"og:description\" content=\"Der Schuldner wird nicht nur formal, h\u00f6flich und angemessen an die Zahlungsausst\u00e4nde erinnert, sondern auch veranlasst diese z\u00fcgig zu t\u00e4tigen\" \/>\n<meta property=\"og:url\" content=\"https:\/\/www.sconxis.com\/index.php\/forderungsmanagement\/\" \/>\n<meta property=\"og:site_name\" content=\"Sconxis International\" \/>\n<meta property=\"article:modified_time\" content=\"2017-10-10T18:18:04+00:00\" \/>\n<meta name=\"twitter:card\" content=\"summary_large_image\" \/>\n<meta name=\"twitter:label1\" content=\"Gesch\u00e4tzte Lesezeit\" \/>\n\t<meta name=\"twitter:data1\" content=\"1\u00a0Minute\" \/>\n<script type=\"application\/ld+json\" class=\"yoast-schema-graph\">{\"@context\":\"https:\\\/\\\/schema.org\",\"@graph\":[{\"@type\":\"WebPage\",\"@id\":\"https:\\\/\\\/www.sconxis.com\\\/index.php\\\/forderungsmanagement\\\/\",\"url\":\"https:\\\/\\\/www.sconxis.com\\\/index.php\\\/forderungsmanagement\\\/\",\"name\":\"Forderungsmanagement - Sconxis International\",\"isPartOf\":{\"@id\":\"https:\\\/\\\/www.sconxis.com\\\/#website\"},\"datePublished\":\"2017-08-15T09:28:12+00:00\",\"dateModified\":\"2017-10-10T18:18:04+00:00\",\"description\":\"Der Schuldner wird nicht nur formal, h\u00f6flich und angemessen an die Zahlungsausst\u00e4nde erinnert, sondern auch veranlasst diese z\u00fcgig zu t\u00e4tigen\",\"breadcrumb\":{\"@id\":\"https:\\\/\\\/www.sconxis.com\\\/index.php\\\/forderungsmanagement\\\/#breadcrumb\"},\"inLanguage\":\"de\",\"potentialAction\":[{\"@type\":\"ReadAction\",\"target\":[\"https:\\\/\\\/www.sconxis.com\\\/index.php\\\/forderungsmanagement\\\/\"]}]},{\"@type\":\"BreadcrumbList\",\"@id\":\"https:\\\/\\\/www.sconxis.com\\\/index.php\\\/forderungsmanagement\\\/#breadcrumb\",\"itemListElement\":[{\"@type\":\"ListItem\",\"position\":1,\"name\":\"Startseite\",\"item\":\"https:\\\/\\\/www.sconxis.com\\\/\"},{\"@type\":\"ListItem\",\"position\":2,\"name\":\"Forderungsmanagement\"}]},{\"@type\":\"WebSite\",\"@id\":\"https:\\\/\\\/www.sconxis.com\\\/#website\",\"url\":\"https:\\\/\\\/www.sconxis.com\\\/\",\"name\":\"Sconxis International\",\"description\":\"\",\"publisher\":{\"@id\":\"https:\\\/\\\/www.sconxis.com\\\/#organization\"},\"potentialAction\":[{\"@type\":\"SearchAction\",\"target\":{\"@type\":\"EntryPoint\",\"urlTemplate\":\"https:\\\/\\\/www.sconxis.com\\\/?s={search_term_string}\"},\"query-input\":{\"@type\":\"PropertyValueSpecification\",\"valueRequired\":true,\"valueName\":\"search_term_string\"}}],\"inLanguage\":\"de\"},{\"@type\":\"Organization\",\"@id\":\"https:\\\/\\\/www.sconxis.com\\\/#organization\",\"name\":\"Sconxis International\",\"url\":\"https:\\\/\\\/www.sconxis.com\\\/\",\"logo\":{\"@type\":\"ImageObject\",\"inLanguage\":\"de\",\"@id\":\"https:\\\/\\\/www.sconxis.com\\\/#\\\/schema\\\/logo\\\/image\\\/\",\"url\":\"https:\\\/\\\/www.sconxis.com\\\/wp-content\\\/uploads\\\/2017\\\/07\\\/Favicon.jpg\",\"contentUrl\":\"https:\\\/\\\/www.sconxis.com\\\/wp-content\\\/uploads\\\/2017\\\/07\\\/Favicon.jpg\",\"width\":64,\"height\":64,\"caption\":\"Sconxis International\"},\"image\":{\"@id\":\"https:\\\/\\\/www.sconxis.com\\\/#\\\/schema\\\/logo\\\/image\\\/\"}}]}<\/script>\n<!-- \/ Yoast SEO plugin. -->","yoast_head_json":{"title":"Forderungsmanagement - Sconxis International","description":"Der Schuldner wird nicht nur formal, h\u00f6flich und angemessen an die Zahlungsausst\u00e4nde erinnert, sondern auch veranlasst diese z\u00fcgig zu t\u00e4tigen","robots":{"index":"index","follow":"follow","max-snippet":"max-snippet:-1","max-image-preview":"max-image-preview:large","max-video-preview":"max-video-preview:-1"},"canonical":"https:\/\/www.sconxis.com\/index.php\/forderungsmanagement\/","og_locale":"de_DE","og_type":"article","og_title":"Forderungsmanagement - Sconxis International","og_description":"Der Schuldner wird nicht nur formal, h\u00f6flich und angemessen an die Zahlungsausst\u00e4nde erinnert, sondern auch veranlasst diese z\u00fcgig zu t\u00e4tigen","og_url":"https:\/\/www.sconxis.com\/index.php\/forderungsmanagement\/","og_site_name":"Sconxis International","article_modified_time":"2017-10-10T18:18:04+00:00","twitter_card":"summary_large_image","twitter_misc":{"Gesch\u00e4tzte Lesezeit":"1\u00a0Minute"},"schema":{"@context":"https:\/\/schema.org","@graph":[{"@type":"WebPage","@id":"https:\/\/www.sconxis.com\/index.php\/forderungsmanagement\/","url":"https:\/\/www.sconxis.com\/index.php\/forderungsmanagement\/","name":"Forderungsmanagement - Sconxis International","isPartOf":{"@id":"https:\/\/www.sconxis.com\/#website"},"datePublished":"2017-08-15T09:28:12+00:00","dateModified":"2017-10-10T18:18:04+00:00","description":"Der Schuldner wird nicht nur formal, h\u00f6flich und angemessen an die Zahlungsausst\u00e4nde erinnert, sondern auch veranlasst diese z\u00fcgig zu t\u00e4tigen","breadcrumb":{"@id":"https:\/\/www.sconxis.com\/index.php\/forderungsmanagement\/#breadcrumb"},"inLanguage":"de","potentialAction":[{"@type":"ReadAction","target":["https:\/\/www.sconxis.com\/index.php\/forderungsmanagement\/"]}]},{"@type":"BreadcrumbList","@id":"https:\/\/www.sconxis.com\/index.php\/forderungsmanagement\/#breadcrumb","itemListElement":[{"@type":"ListItem","position":1,"name":"Startseite","item":"https:\/\/www.sconxis.com\/"},{"@type":"ListItem","position":2,"name":"Forderungsmanagement"}]},{"@type":"WebSite","@id":"https:\/\/www.sconxis.com\/#website","url":"https:\/\/www.sconxis.com\/","name":"Sconxis International","description":"","publisher":{"@id":"https:\/\/www.sconxis.com\/#organization"},"potentialAction":[{"@type":"SearchAction","target":{"@type":"EntryPoint","urlTemplate":"https:\/\/www.sconxis.com\/?s={search_term_string}"},"query-input":{"@type":"PropertyValueSpecification","valueRequired":true,"valueName":"search_term_string"}}],"inLanguage":"de"},{"@type":"Organization","@id":"https:\/\/www.sconxis.com\/#organization","name":"Sconxis International","url":"https:\/\/www.sconxis.com\/","logo":{"@type":"ImageObject","inLanguage":"de","@id":"https:\/\/www.sconxis.com\/#\/schema\/logo\/image\/","url":"https:\/\/www.sconxis.com\/wp-content\/uploads\/2017\/07\/Favicon.jpg","contentUrl":"https:\/\/www.sconxis.com\/wp-content\/uploads\/2017\/07\/Favicon.jpg","width":64,"height":64,"caption":"Sconxis International"},"image":{"@id":"https:\/\/www.sconxis.com\/#\/schema\/logo\/image\/"}}]}},"_links":{"self":[{"href":"https:\/\/www.sconxis.com\/index.php\/wp-json\/wp\/v2\/pages\/57","targetHints":{"allow":["GET"]}}],"collection":[{"href":"https:\/\/www.sconxis.com\/index.php\/wp-json\/wp\/v2\/pages"}],"about":[{"href":"https:\/\/www.sconxis.com\/index.php\/wp-json\/wp\/v2\/types\/page"}],"author":[{"embeddable":true,"href":"https:\/\/www.sconxis.com\/index.php\/wp-json\/wp\/v2\/users\/1"}],"replies":[{"embeddable":true,"href":"https:\/\/www.sconxis.com\/index.php\/wp-json\/wp\/v2\/comments?post=57"}],"version-history":[{"count":7,"href":"https:\/\/www.sconxis.com\/index.php\/wp-json\/wp\/v2\/pages\/57\/revisions"}],"predecessor-version":[{"id":86,"href":"https:\/\/www.sconxis.com\/index.php\/wp-json\/wp\/v2\/pages\/57\/revisions\/86"}],"wp:attachment":[{"href":"https:\/\/www.sconxis.com\/index.php\/wp-json\/wp\/v2\/media?parent=57"}],"curies":[{"name":"wp","href":"https:\/\/api.w.org\/{rel}","templated":true}]}}